{"id":15,"date":"2013-05-31T11:58:45","date_gmt":"2013-05-31T11:58:45","guid":{"rendered":"http:\/\/zephyr.us-themes.com\/pages\/services\/"},"modified":"2024-10-09T11:49:53","modified_gmt":"2024-10-09T09:49:53","slug":"progetto-warning","status":"publish","type":"page","link":"https:\/\/warning.palazzoblu.it\/2024\/progetto-warning\/","title":{"rendered":"Progetto e scuole"},"content":{"rendered":"<section class=\"l-section wpb_row height_small\"><div class=\"l-section-h i-cf\"><div class=\"g-cols vc_row type_default valign_top\"><div class=\"vc_col-sm-12 wpb_column vc_column_container\"><div class=\"vc_column-inner\"><div class=\"wpb_wrapper\"><div class=\"wpb_text_column\" ><div class=\"wpb_wrapper\"><h3>Warning 5<\/h3>\n<\/div><\/div><div class=\"wpb_text_column\" ><div class=\"wpb_wrapper\"><h5>Il mondo di tutti, un mondo per tutti<\/h5>\n<\/div><\/div><div class=\"wpb_text_column\" ><div class=\"wpb_wrapper\"><p>novembre 2024 &#8211; aprile 2025<\/p>\n<\/div><\/div><div class=\"wpb_text_column us_custom_b4c0c321\" ><div class=\"wpb_wrapper\"><p>Incontri a carattere didattico curati in collaborazione tra <strong>INFN<\/strong> e <strong>Palazzo Blu<\/strong><\/p>\n<\/div><\/div><div class=\"w-separator size_small with_line width_default thick_1 style_solid color_border align_center\"><div class=\"w-separator-h\"><\/div><\/div><div class=\"wpb_text_column\" ><div class=\"wpb_wrapper\"><h5>Premessa e obiettivi<\/h5>\n<\/div><\/div><div class=\"w-separator size_small\"><\/div><div class=\"wpb_text_column\" ><div class=\"wpb_wrapper\"><p>Senza una visione globale i giovani d\u2019oggi avranno difficolt\u00e0 a comprendere come il proprio Paese si stia evolvendo e come andr\u00e0 a collocarsi in un contesto mondiale sempre pi\u00f9 pluralistico e sempre pi\u00f9 interconnesso.<br \/>\nPer questo diventa molto utile la conoscenza del contesto storico e delle caratteristiche sociali e culturali che sono alla base dell\u2019attuale quadro mondiale. I giovani devono essere aiutati a comprendere le relazioni reciproche tra popoli e culture nel corso del tempo che hanno portato all\u2019assetto globale contemporaneo. Una visione complessiva, spazialmente e temporalmente estesa, pu\u00f2 stimolare le nuove generazioni ad identificare parallelismi e a fare confronti tra i tanti percorsi seguiti nel tempo da tutta l\u2019Umanit\u00e0. Non solo, un approccio di questo tipo aiuta i giovani ad identificare le dinamiche che hanno influenzato le persone di ieri e di oggi. Il mondo sta attualmente vivendo ad un periodo di profonde trasformazioni che richiedono di passare da una cultura \u2018locale\u2019 ad una visione globale. Lo studio delle culture porta a comprendere come nel tempo l\u2019opera dell\u2019Uomo abbia determinato il contesto sociale ed economico del mondo e pu\u00f2 anche permettere di osservare in profondit\u00e0 le cause e le conseguenze del nostro operato. La \u2018scoperta\u2019 delle connessioni globali mostra anche come nel passato le decisioni di singoli e di gruppi abbiano influenzato i sistemi globali, dando luogo a reazioni interdipendenti. Imparare ad osservare globalmente permette ai giovani di interpretare e collegare insieme in modo critico gli eventi del passato accrescendo cos\u00ec la loro capacit\u00e0 di capire, reagire ed interagire con la complessit\u00e0 degli eventi internazionali odierni. \u00c8 sempre pi\u00f9 importante che le nuove generazioni imparino non solo a muoversi nel proprio spazio e nel proprio tempo ma anche a comprendere i comportamenti di coloro che vivono in altre parti del mondo. Le somiglianze e le differenze nel come in diversi contesti sociali ci si confronti con i fondamentali bisogni umani (dal cibo alla casa ma anche dalla finalit\u00e0 della propria esistenza alla curiosit\u00e0 per ci\u00f2 che ci circonda) costituiscono le fondamenta essenziali sulle quali costruire una pacifica e solidale convivenza globale.<\/p>\n<\/div><\/div><div class=\"w-separator size_small with_line width_default thick_1 style_solid color_border align_center\"><div class=\"w-separator-h\"><\/div><\/div><div class=\"wpb_text_column\" ><div class=\"wpb_wrapper\"><h5>Target<\/h5>\n<\/div><\/div><div class=\"w-separator size_small\"><\/div><div class=\"wpb_text_column\" ><div class=\"wpb_wrapper\"><p>Il progetto \u00e8 rivolto principalmente a:<\/p>\n<ul>\n<li>Giovani delle scuole medie secondarie di secondo grado;<\/li>\n<li>Studenti ed addetti ai lavori afferenti al settore della scuola, dell\u2019universit\u00e0 e della ricerca.<\/li>\n<\/ul>\n<p>L\u2019iniziativa \u00e8 ovviamente aperta anche all\u2019opinione pubblica in generale e al mondo dei mass-media.<\/p>\n<\/div><\/div><div class=\"w-separator size_small with_line width_default thick_1 style_solid color_border align_center\"><div class=\"w-separator-h\"><\/div><\/div><div class=\"wpb_text_column\" ><div class=\"wpb_wrapper\"><h5>Individuazione delle tematiche degli incontri:<\/h5>\n<\/div><\/div><div class=\"w-separator size_small\"><\/div><div class=\"wpb_text_column\" ><div class=\"wpb_wrapper\"><p>I quattro eventi, nei quali si articoler\u00e0 questa quarta edizione, riguarderanno:<\/p>\n<\/div><\/div><div class=\"w-separator size_small\"><\/div><div class=\"wpb_text_column\" ><div class=\"wpb_wrapper\"><ul>\n<li><strong>L\u2019Arte dei tanti popoli <\/strong><\/li>\n<li><strong>Vivere il Pianeta: il rapporto dell\u2019Umanit\u00e0 con la Natura<\/strong><\/li>\n<li><strong>Le tante medicine<\/strong><\/li>\n<li><strong> Il sapere di ciascuno e la Scienza di tutti <\/strong><\/li>\n<\/ul>\n<\/div><\/div><div class=\"w-separator size_small with_line width_default thick_1 style_solid color_border align_center\"><div class=\"w-separator-h\"><\/div><\/div><div class=\"wpb_text_column\" ><div class=\"wpb_wrapper\"><h5>Natura degli incontri e finalit\u00e0 didattiche:<\/h5>\n<\/div><\/div><div class=\"w-separator size_small\"><\/div><div class=\"wpb_text_column\" ><div class=\"wpb_wrapper\"><p>Ogni incontro sar\u00e0 condotto a due voci da importanti esperti in ambito culturale e scientifico. Le tematiche in discussione saranno affrontate con un approccio interdisciplinare, che avvalori prospettive dialoganti tra diversi campi del sapere.<br \/>\nDal punto di vista didattico, attraverso la cultura della complessit\u00e0 si vuole incoraggiare la riflessione sull\u2019interrelazione delle metodologie conoscitive e orientare i giovani verso approcci interpretativi della realt\u00e0 non esclusivamente riduzionisti.<\/p>\n<p>Gli incontri di Warning 5, ancor pi\u00f9 che nelle edizioni precedenti, vogliono essere spazi di discussione che partono dalle domande poste dai partecipanti. Una sezione degli incontri sar\u00e0 infatti dedicata al dibattito che scaturir\u00e0 dalle domande poste ai relatori sull\u2019argomento trattato. Questa modalit\u00e0 intende coinvolgere l&#8217;uditorio in modo attivo e sviluppare nei ragazzi un&#8217;attitudine all&#8217;indagine e a porsi interrogativi.<br \/>\nPer avvalorare la partecipazione attiva e rendere le scuole protagoniste degli incontri, la quarta edizione di Warning propone anche alle\/agli studenti di \u201cadottare un argomento\u201d, vale a dire: di introdurre gli incontri prendendo la scena con brevi performance, o con riflessioni in forma libera suggerite dagli argomenti trattati e scaturite da precedenti discussioni preparatorie su di essi. La libert\u00e0 di formato (una lettura, un elaborato grafico, una mini-rappresentazione, un reportage, ecc\u2026) intende lasciare spazio alle\/agli studenti e ai loro interessi e\/o ai docenti tutor e alla loro progettazione didattica.<\/p>\n<p>La natura interdisciplinare degli incontri permette di integrarli non solo in programmi curriculari, ma anche in progetti di educazione trasversale, come in Unit\u00e0 di Apprendimento progettate ad hoc e nei curricoli di educazione civica. Per le scuole interessate, \u00e8 prevista la possibilit\u00e0 di riconoscere la partecipazione nell\u2019ambito dei PCTO.<\/p>\n<\/div><\/div><div class=\"w-separator size_small with_line width_default thick_1 style_solid color_border align_center\"><div class=\"w-separator-h\"><\/div><\/div><div class=\"wpb_text_column\" ><div class=\"wpb_wrapper\"><h5>Modalit\u00e0 e termini di iscrizione delle scuole:<\/h5>\n<\/div><\/div><div class=\"w-separator size_small\"><\/div><div class=\"wpb_text_column\" ><div class=\"wpb_wrapper\"><p>La partecipazione a Warning \u00e8 libera e gratuita. Ogni docente interessato pu\u00f2 partecipare a uno o pi\u00f9 dibattiti con una o pi\u00f9 classi a seconda delle proprie esigenze e\/o opportunit\u00e0.<br \/>\nPer le scuole che ne faranno richiesta, sar\u00e0 possibile riconoscere la partecipazione al progetto nell\u2019ambito dei percorsi per le competenze trasversali e l\u2019orientamento (PCTO). Il percorso PCTO prevede una partecipazione al progetto di almeno il 50% (due incontri) e forme di elaborazione attiva.<br \/>\nPer ulteriori informazioni sul PCTO e per iscrizioni scrivi a <a href=\"mailto:segreteriawarning@gmail.com\">segreteriawarning@gmail.com<\/a>.<br \/>\nIl termine per aderire all&#8217;iniziativa \u00e8 il 31 ottobre 2024.<br \/>\nSaranno ammesse adesioni successive e in corso di iniziativa se riguardanti dibattiti successivi al primo.<\/p>\n<\/div><\/div><div class=\"w-separator size_small with_line width_default thick_1 style_solid color_border align_center\"><div class=\"w-separator-h\"><\/div><\/div><div class=\"wpb_text_column\" ><div class=\"wpb_wrapper\"><h5>Riconoscimento ai fini dell&#8217;aggiornamento docenti:<\/h5>\n<\/div><\/div><div class=\"w-separator size_small\"><\/div><div class=\"wpb_text_column\" ><div class=\"wpb_wrapper\"><p>INFN riconoscer\u00e0 la partecipazione dei docenti ai fini dell\u2019aggiornamento, a condizione che essa sia pari ad almeno il 75% del progetto.<\/p>\n<\/div><\/div><div class=\"w-separator size_small with_line width_default thick_1 style_solid color_border align_center\"><div class=\"w-separator-h\"><\/div><\/div><div class=\"wpb_text_column\" ><div class=\"wpb_wrapper\"><h5>Informazioni e adesioni:<\/h5>\n<\/div><\/div><div class=\"w-separator size_small\"><\/div><div class=\"wpb_text_column\" ><div class=\"wpb_wrapper\"><p>Palazzo Blu Fondazione per mezzo di Kinzica societ\u00e0 cooperativa<br \/>\n(tel. 050 916 950; e-mail: <a href=\"mailto:segreteriawarning@gmail.com\">segreteriawarning@gmail.com<\/a>, referente: Fabrizio Musu).<\/p>\n<\/div><\/div><div class=\"w-separator size_medium\"><\/div><\/div><\/div><\/div><\/div><\/div><\/section>\n","protected":false},"excerpt":{"rendered":"Warning 5 Il mondo di tutti, un mondo per tutti novembre 2024 &#8211; aprile 2025 Incontri a carattere didattico curati in collaborazione tra INFN e Palazzo Blu Premessa e obiettivi Senza una visione globale i giovani d\u2019oggi avranno difficolt\u00e0 a comprendere come il proprio Paese si stia evolvendo e come andr\u00e0 a collocarsi in un...","protected":false},"author":1,"featured_media":24749,"parent":0,"menu_order":0,"comment_status":"closed","ping_status":"closed","template":"","meta":{"footnotes":""},"class_list":["post-15","page","type-page","status-publish","has-post-thumbnail","hentry"],"yoast_head":"<!-- This site is optimized with the Yoast SEO plugin v25.6 - https:\/\/yoast.com\/wordpress\/plugins\/seo\/ -->\n<title>Progetto e scuole - Warning<\/title>\n<meta name=\"robots\" content=\"index, follow, max-snippet:-1, max-image-preview:large, max-video-preview:-1\" \/>\n<link rel=\"canonical\" href=\"https:\/\/warning.palazzoblu.it\/2024\/progetto-warning\/\" \/>\n<meta property=\"og:locale\" content=\"it_IT\" \/>\n<meta property=\"og:type\" content=\"article\" \/>\n<meta property=\"og:title\" content=\"Progetto e scuole - Warning\" \/>\n<meta property=\"og:url\" content=\"https:\/\/warning.palazzoblu.it\/2024\/progetto-warning\/\" \/>\n<meta property=\"og:site_name\" content=\"Warning\" \/>\n<meta property=\"article:modified_time\" content=\"2024-10-09T09:49:53+00:00\" \/>\n<meta property=\"og:image\" content=\"https:\/\/warning.palazzoblu.it\/2024\/wp-content\/uploads\/2024\/10\/slider-warning.jpg\" \/>\n\t<meta property=\"og:image:width\" content=\"1500\" \/>\n\t<meta property=\"og:image:height\" content=\"863\" \/>\n\t<meta property=\"og:image:type\" content=\"image\/jpeg\" \/>\n<meta name=\"twitter:card\" content=\"summary_large_image\" \/>\n<meta name=\"twitter:label1\" content=\"Tempo di lettura stimato\" \/>\n\t<meta name=\"twitter:data1\" content=\"6 minuti\" \/>\n<script type=\"application\/ld+json\" class=\"yoast-schema-graph\">{\"@context\":\"https:\/\/schema.org\",\"@graph\":[{\"@type\":\"WebPage\",\"@id\":\"https:\/\/warning.palazzoblu.it\/2024\/progetto-warning\/\",\"url\":\"https:\/\/warning.palazzoblu.it\/2024\/progetto-warning\/\",\"name\":\"Progetto e scuole - Warning\",\"isPartOf\":{\"@id\":\"https:\/\/warning.palazzoblu.it\/2024\/#website\"},\"primaryImageOfPage\":{\"@id\":\"https:\/\/warning.palazzoblu.it\/2024\/progetto-warning\/#primaryimage\"},\"image\":{\"@id\":\"https:\/\/warning.palazzoblu.it\/2024\/progetto-warning\/#primaryimage\"},\"thumbnailUrl\":\"https:\/\/warning.palazzoblu.it\/2024\/wp-content\/uploads\/2024\/10\/slider-warning.jpg\",\"datePublished\":\"2013-05-31T11:58:45+00:00\",\"dateModified\":\"2024-10-09T09:49:53+00:00\",\"breadcrumb\":{\"@id\":\"https:\/\/warning.palazzoblu.it\/2024\/progetto-warning\/#breadcrumb\"},\"inLanguage\":\"it-IT\",\"potentialAction\":[{\"@type\":\"ReadAction\",\"target\":[\"https:\/\/warning.palazzoblu.it\/2024\/progetto-warning\/\"]}]},{\"@type\":\"ImageObject\",\"inLanguage\":\"it-IT\",\"@id\":\"https:\/\/warning.palazzoblu.it\/2024\/progetto-warning\/#primaryimage\",\"url\":\"https:\/\/warning.palazzoblu.it\/2024\/wp-content\/uploads\/2024\/10\/slider-warning.jpg\",\"contentUrl\":\"https:\/\/warning.palazzoblu.it\/2024\/wp-content\/uploads\/2024\/10\/slider-warning.jpg\",\"width\":1500,\"height\":863},{\"@type\":\"BreadcrumbList\",\"@id\":\"https:\/\/warning.palazzoblu.it\/2024\/progetto-warning\/#breadcrumb\",\"itemListElement\":[{\"@type\":\"ListItem\",\"position\":1,\"name\":\"Home\",\"item\":\"https:\/\/warning.palazzoblu.it\/2024\/\"},{\"@type\":\"ListItem\",\"position\":2,\"name\":\"Progetto e scuole\"}]},{\"@type\":\"WebSite\",\"@id\":\"https:\/\/warning.palazzoblu.it\/2024\/#website\",\"url\":\"https:\/\/warning.palazzoblu.it\/2024\/\",\"name\":\"Warning\",\"description\":\"I pericoli rimossi\",\"potentialAction\":[{\"@type\":\"SearchAction\",\"target\":{\"@type\":\"EntryPoint\",\"urlTemplate\":\"https:\/\/warning.palazzoblu.it\/2024\/?s={search_term_string}\"},\"query-input\":{\"@type\":\"PropertyValueSpecification\",\"valueRequired\":true,\"valueName\":\"search_term_string\"}}],\"inLanguage\":\"it-IT\"}]}<\/script>\n<!-- \/ Yoast SEO plugin. -->","yoast_head_json":{"title":"Progetto e scuole - Warning","robots":{"index":"index","follow":"follow","max-snippet":"max-snippet:-1","max-image-preview":"max-image-preview:large","max-video-preview":"max-video-preview:-1"},"canonical":"https:\/\/warning.palazzoblu.it\/2024\/progetto-warning\/","og_locale":"it_IT","og_type":"article","og_title":"Progetto e scuole - Warning","og_url":"https:\/\/warning.palazzoblu.it\/2024\/progetto-warning\/","og_site_name":"Warning","article_modified_time":"2024-10-09T09:49:53+00:00","og_image":[{"width":1500,"height":863,"url":"https:\/\/warning.palazzoblu.it\/2024\/wp-content\/uploads\/2024\/10\/slider-warning.jpg","type":"image\/jpeg"}],"twitter_card":"summary_large_image","twitter_misc":{"Tempo di lettura stimato":"6 minuti"},"schema":{"@context":"https:\/\/schema.org","@graph":[{"@type":"WebPage","@id":"https:\/\/warning.palazzoblu.it\/2024\/progetto-warning\/","url":"https:\/\/warning.palazzoblu.it\/2024\/progetto-warning\/","name":"Progetto e scuole - Warning","isPartOf":{"@id":"https:\/\/warning.palazzoblu.it\/2024\/#website"},"primaryImageOfPage":{"@id":"https:\/\/warning.palazzoblu.it\/2024\/progetto-warning\/#primaryimage"},"image":{"@id":"https:\/\/warning.palazzoblu.it\/2024\/progetto-warning\/#primaryimage"},"thumbnailUrl":"https:\/\/warning.palazzoblu.it\/2024\/wp-content\/uploads\/2024\/10\/slider-warning.jpg","datePublished":"2013-05-31T11:58:45+00:00","dateModified":"2024-10-09T09:49:53+00:00","breadcrumb":{"@id":"https:\/\/warning.palazzoblu.it\/2024\/progetto-warning\/#breadcrumb"},"inLanguage":"it-IT","potentialAction":[{"@type":"ReadAction","target":["https:\/\/warning.palazzoblu.it\/2024\/progetto-warning\/"]}]},{"@type":"ImageObject","inLanguage":"it-IT","@id":"https:\/\/warning.palazzoblu.it\/2024\/progetto-warning\/#primaryimage","url":"https:\/\/warning.palazzoblu.it\/2024\/wp-content\/uploads\/2024\/10\/slider-warning.jpg","contentUrl":"https:\/\/warning.palazzoblu.it\/2024\/wp-content\/uploads\/2024\/10\/slider-warning.jpg","width":1500,"height":863},{"@type":"BreadcrumbList","@id":"https:\/\/warning.palazzoblu.it\/2024\/progetto-warning\/#breadcrumb","itemListElement":[{"@type":"ListItem","position":1,"name":"Home","item":"https:\/\/warning.palazzoblu.it\/2024\/"},{"@type":"ListItem","position":2,"name":"Progetto e scuole"}]},{"@type":"WebSite","@id":"https:\/\/warning.palazzoblu.it\/2024\/#website","url":"https:\/\/warning.palazzoblu.it\/2024\/","name":"Warning","description":"I pericoli rimossi","potentialAction":[{"@type":"SearchAction","target":{"@type":"EntryPoint","urlTemplate":"https:\/\/warning.palazzoblu.it\/2024\/?s={search_term_string}"},"query-input":{"@type":"PropertyValueSpecification","valueRequired":true,"valueName":"search_term_string"}}],"inLanguage":"it-IT"}]}},"_links":{"self":[{"href":"https:\/\/warning.palazzoblu.it\/2024\/wp-json\/wp\/v2\/pages\/15"}],"collection":[{"href":"https:\/\/warning.palazzoblu.it\/2024\/wp-json\/wp\/v2\/pages"}],"about":[{"href":"https:\/\/warning.palazzoblu.it\/2024\/wp-json\/wp\/v2\/types\/page"}],"author":[{"embeddable":true,"href":"https:\/\/warning.palazzoblu.it\/2024\/wp-json\/wp\/v2\/users\/1"}],"replies":[{"embeddable":true,"href":"https:\/\/warning.palazzoblu.it\/2024\/wp-json\/wp\/v2\/comments?post=15"}],"version-history":[{"count":50,"href":"https:\/\/warning.palazzoblu.it\/2024\/wp-json\/wp\/v2\/pages\/15\/revisions"}],"predecessor-version":[{"id":24764,"href":"https:\/\/warning.palazzoblu.it\/2024\/wp-json\/wp\/v2\/pages\/15\/revisions\/24764"}],"wp:featuredmedia":[{"embeddable":true,"href":"https:\/\/warning.palazzoblu.it\/2024\/wp-json\/wp\/v2\/media\/24749"}],"wp:attachment":[{"href":"https:\/\/warning.palazzoblu.it\/2024\/wp-json\/wp\/v2\/media?parent=15"}],"curies":[{"name":"wp","href":"https:\/\/api.w.org\/{rel}","templated":true}]}}